{"id":59831,"date":"2024-06-30T11:12:41","date_gmt":"2024-06-30T11:12:41","guid":{"rendered":"https:\/\/www.matterhornhealthprotect.com\/contact\/"},"modified":"2025-11-06T17:04:41","modified_gmt":"2025-11-06T17:04:41","slug":"contact","status":"publish","type":"page","link":"https:\/\/www.matterhornhealthprotect.com\/fr\/contact\/","title":{"rendered":"Contact"},"content":{"rendered":"\t\t<div data-elementor-type=\"wp-page\" data-elementor-id=\"59831\" class=\"elementor elementor-59831 elementor-1453\">\n\t\t\t\t\t\t<section class=\"elementor-section elementor-top-section elementor-element elementor-element-e9703c3 elementor-section-boxed elementor-section-height-default elementor-section-height-default sc_fly_static\" data-id=\"e9703c3\" data-element_type=\"section\" data-e-type=\"section\">\n\t\t\t\t\t\t<div class=\"elementor-container elementor-column-gap-extended\">\n\t\t\t\t\t<div class=\"elementor-column elementor-col-100 elementor-top-column elementor-element elementor-element-6c7ef0e sc_content_align_inherit sc_layouts_column_icons_position_left sc_fly_static\" data-id=\"6c7ef0e\" data-element_type=\"column\" data-e-type=\"column\">\n\t\t\t<div class=\"elementor-widget-wrap elementor-element-populated\">\n\t\t\t\t\t\t<div class=\"elementor-element elementor-element-59f3532 sc_fly_static elementor-widget elementor-widget-spacer\" data-id=\"59f3532\" data-element_type=\"widget\" data-e-type=\"widget\" data-widget_type=\"spacer.default\">\n\t\t\t\t<div class=\"elementor-widget-container\">\n\t\t\t\t\t\t\t<div class=\"elementor-spacer\">\n\t\t\t<div class=\"elementor-spacer-inner\"><\/div>\n\t\t<\/div>\n\t\t\t\t\t\t<\/div>\n\t\t\t\t<\/div>\n\t\t\t\t\t<\/div>\n\t\t<\/div>\n\t\t\t\t\t<\/div>\n\t\t<\/section>\n\t\t\t\t<section class=\"elementor-section elementor-top-section elementor-element elementor-element-37b12c82 elementor-section-boxed elementor-section-height-default elementor-section-height-default sc_fly_static\" data-id=\"37b12c82\" data-element_type=\"section\" data-e-type=\"section\">\n\t\t\t\t\t\t<div class=\"elementor-container elementor-column-gap-extended\">\n\t\t\t\t\t<div class=\"elementor-column elementor-col-50 elementor-top-column elementor-element elementor-element-bd012a3 sc_content_align_inherit sc_layouts_column_icons_position_left sc_fly_static\" data-id=\"bd012a3\" data-element_type=\"column\" data-e-type=\"column\">\n\t\t\t<div class=\"elementor-widget-wrap elementor-element-populated\">\n\t\t\t\t\t\t<div class=\"elementor-element elementor-element-623cf654 elementor-widget__width-initial sc_fly_static elementor-widget elementor-widget-trx_sc_title\" data-id=\"623cf654\" data-element_type=\"widget\" data-e-type=\"widget\" data-widget_type=\"trx_sc_title.default\">\n\t\t\t\t<div class=\"elementor-widget-container\">\n\t\t\t\t\t<div\t\tclass=\"sc_title sc_title_default\" ><span class=\"sc_item_subtitle sc_title_subtitle sc_item_subtitle_above sc_item_title_style_default\">Contactez-nous <\/span><h1 class=\"sc_item_title sc_title_title sc_item_title_style_default sc_item_title_tag\"\n\t\t\t><span class=\"sc_item_title_text\">Vous avez des questions&nbsp;? <\/span><\/h1><div class=\"sc_item_descr sc_title_descr\"><p>Notre \u00e9quipe se tient \u00e0 votre enti\u00e8re disposition pour vous fournir des informations compl\u00e9mentaires et des conseils personnalis\u00e9s.<\/p>\n<\/div><\/div>\t\t\t\t<\/div>\n\t\t\t\t<\/div>\n\t\t\t\t<div class=\"elementor-element elementor-element-b4c00f4 sc_fly_static elementor-widget elementor-widget-spacer\" data-id=\"b4c00f4\" data-element_type=\"widget\" data-e-type=\"widget\" data-widget_type=\"spacer.default\">\n\t\t\t\t<div class=\"elementor-widget-container\">\n\t\t\t\t\t\t\t<div class=\"elementor-spacer\">\n\t\t\t<div class=\"elementor-spacer-inner\"><\/div>\n\t\t<\/div>\n\t\t\t\t\t\t<\/div>\n\t\t\t\t<\/div>\n\t\t\t\t<div class=\"elementor-element elementor-element-4f3ad1b6 sc_fly_static elementor-widget elementor-widget-trx_sc_icons\" data-id=\"4f3ad1b6\" data-element_type=\"widget\" data-e-type=\"widget\" data-widget_type=\"trx_sc_icons.default\">\n\t\t\t\t<div class=\"elementor-widget-container\">\n\t\t\t\t\t<div \tclass=\"sc_icons color_style_link2 sc_icons_simple sc_icons_size_small sc_align_none\" ><div class=\"sc_icons_item with_more\"><div class=\"sc_icons_icon sc_icon_type_ icon-marker\" style=\"color: var(--e-global-color-ef8c808)\" ><span class=\"sc_icon_type_ icon-marker\" style=\"color: var(--e-global-color-ef8c808)\"><\/span><\/div><div class=\"sc_icons_item_details\"><div class=\"sc_icons_item_description\"><span>Suisse - Zugerstrasse 77, 6340 Baar<\/span><\/div><\/div><\/div><div class=\"sc_icons_item sc_icons_item_linked with_more\"><div class=\"sc_icons_icon sc_icon_type_ icon-iphone\" style=\"color: #00538B\" ><span class=\"sc_icon_type_ icon-iphone\" style=\"color: #00538B\"><\/span><\/div><div class=\"sc_icons_item_details\"><a href=\"tel:41417666120\" class=\"sc_icons_item_more_link\">\n                        <span class=\"link_text\">+41 41 766 61 20<\/span><span class=\"link_icon\"><\/span>\n                        <\/a><a href=\"tel:41417666120\"\n                        class=\"sc_icons_item_link\">\n                        <\/a><\/div><\/div><div class=\"sc_icons_item with_more\"><div class=\"sc_icons_icon sc_icon_type_ icon-envelope-2\" style=\"color: #00538B\" ><span class=\"sc_icon_type_ icon-envelope-2\" style=\"color: #00538B\"><\/span><\/div><div class=\"sc_icons_item_details\"><div class=\"sc_icons_item_description\"><span><a href=\"mailto:%20info@matterhornhealthprotect.com\">  info@matterhornhealthprotect.com<\/a><\/span><\/div><\/div><\/div><\/div><!-- \/.sc_icons -->\t\t\t\t<\/div>\n\t\t\t\t<\/div>\n\t\t\t\t\t<\/div>\n\t\t<\/div>\n\t\t\t\t<div class=\"elementor-column elementor-col-50 elementor-top-column elementor-element elementor-element-5a82a81f sc_content_align_inherit sc_layouts_column_icons_position_left sc_fly_static\" data-id=\"5a82a81f\" data-element_type=\"column\" data-e-type=\"column\">\n\t\t\t<div class=\"elementor-widget-wrap elementor-element-populated\">\n\t\t\t\t\t\t<div class=\"elementor-element elementor-element-2c216044 sc_fly_static elementor-widget elementor-widget-spacer\" data-id=\"2c216044\" data-element_type=\"widget\" data-e-type=\"widget\" data-widget_type=\"spacer.default\">\n\t\t\t\t<div class=\"elementor-widget-container\">\n\t\t\t\t\t\t\t<div class=\"elementor-spacer\">\n\t\t\t<div class=\"elementor-spacer-inner\"><\/div>\n\t\t<\/div>\n\t\t\t\t\t\t<\/div>\n\t\t\t\t<\/div>\n\t\t\t\t<div class=\"elementor-element elementor-element-3a639ee9 scheme_matterhorn sc_fly_static elementor-widget elementor-widget-trx_sc_contact_form_7\" data-id=\"3a639ee9\" data-element_type=\"widget\" data-e-type=\"widget\" data-widget_type=\"trx_sc_contact_form_7.default\">\n\t\t\t\t<div class=\"elementor-widget-container\">\n\t\t\t\t\t\n<div class=\"wpcf7 no-js\" id=\"wpcf7-f60101-o1\" lang=\"fr-FR\" dir=\"ltr\" data-wpcf7-id=\"60101\">\n<div class=\"screen-reader-response\"><p role=\"status\" aria-live=\"polite\" aria-atomic=\"true\"><\/p> <ul><\/ul><\/div>\n<form action=\"\/fr\/wp-json\/wp\/v2\/pages\/59831#wpcf7-f60101-o1\" method=\"post\" class=\"wpcf7-form init\" aria-label=\"Formulaire de contact\" novalidate=\"novalidate\" data-status=\"init\">\n<fieldset class=\"hidden-fields-container\"><input type=\"hidden\" name=\"_wpcf7\" value=\"60101\" \/><input type=\"hidden\" name=\"_wpcf7_version\" value=\"6.1.5\" \/><input type=\"hidden\" name=\"_wpcf7_locale\" value=\"fr_FR\" \/><input type=\"hidden\" name=\"_wpcf7_unit_tag\" value=\"wpcf7-f60101-o1\" \/><input type=\"hidden\" name=\"_wpcf7_container_post\" value=\"0\" \/><input type=\"hidden\" name=\"_wpcf7_posted_data_hash\" value=\"\" \/>\n<\/fieldset>\n<div class=\"form-style-1\">\n\t<div class=\"columns_wrap\">\n\t\t<div class=\"column-1_2\">\n\t\t\t<p><span class=\"style-line\"><span class=\"wpcf7-form-control-wrap\" data-name=\"your-name\"><input size=\"40\" maxlength=\"400\" class=\"wpcf7-form-control wpcf7-text wpcf7-validates-as-required\" aria-required=\"true\" aria-invalid=\"false\" placeholder=\"Nom\" value=\"\" type=\"text\" name=\"your-name\" \/><\/span><\/span>\n\t\t\t<\/p>\n\t\t<\/div>\n\t\t<div class=\"column-1_2\">\n\t\t\t<p><span class=\"style-line\"><span class=\"wpcf7-form-control-wrap\" data-name=\"your-email\"><input size=\"40\" maxlength=\"400\" class=\"wpcf7-form-control wpcf7-email wpcf7-validates-as-required wpcf7-text wpcf7-validates-as-email\" aria-required=\"true\" aria-invalid=\"false\" placeholder=\"Adresse e-mail\" value=\"\" type=\"email\" name=\"your-email\" \/><\/span><\/span>\n\t\t\t<\/p>\n\t\t<\/div>\n\t<\/div>\n\t<div class=\"columns_wrap\">\n\t\t<div class=\"column-1_2\">\n\t\t\t<p><span class=\"style-line\"><span class=\"wpcf7-form-control-wrap\" data-name=\"phone\"><input size=\"40\" maxlength=\"400\" class=\"wpcf7-form-control wpcf7-tel wpcf7-validates-as-required wpcf7-text wpcf7-validates-as-tel\" aria-required=\"true\" aria-invalid=\"false\" placeholder=\"Num\u00e9ro de t\u00e9l\u00e9phone\" value=\"\" type=\"tel\" name=\"phone\" \/><\/span><\/span>\n\t\t\t<\/p>\n\t\t<\/div>\n\t\t<div class=\"column-1_2\">\n\t\t\t<p><span class=\"style-line\"><span class=\"wpcf7-form-control-wrap\" data-name=\"subject\"><input size=\"40\" maxlength=\"400\" class=\"wpcf7-form-control wpcf7-text wpcf7-validates-as-required\" aria-required=\"true\" aria-invalid=\"false\" placeholder=\"Objet\" value=\"\" type=\"text\" name=\"subject\" \/><\/span><\/span>\n\t\t\t<\/p>\n\t\t<\/div>\n\t<\/div>\n\t<div class=\"columns_wrap margin-bottom\">\n\t\t<div class=\"column-1_1\">\n\t\t\t<p><span class=\"style-line\"><span class=\"wpcf7-form-control-wrap\" data-name=\"your-message\"><textarea cols=\"40\" rows=\"10\" maxlength=\"2000\" class=\"wpcf7-form-control wpcf7-textarea wpcf7-validates-as-required\" aria-required=\"true\" aria-invalid=\"false\" placeholder=\"Comment pouvons-nous vous aider ? N&#039;h\u00e9sitez pas \u00e0 nous contacter !\" name=\"your-message\"><\/textarea><\/span><\/span>\n\t\t\t<\/p>\n\t\t<\/div>\n\t<\/div>\n\t<p><input class=\"wpcf7-form-control wpcf7-submit has-spinner\" type=\"submit\" value=\"Envoyer\" \/><span class=\"wpcf7-form-control-wrap\" data-name=\"acceptance\"><span class=\"wpcf7-form-control wpcf7-acceptance\"><span class=\"wpcf7-list-item\"><label><input type=\"checkbox\" name=\"acceptance\" value=\"1\" aria-invalid=\"false\" \/><span class=\"wpcf7-list-item-label\">J'accepte que mes donn\u00e9es transmises soient <a href=\"\/datenschutz\/\">collect\u00e9es et stock\u00e9es<\/a>.<\/span><\/label><\/span><\/span><\/span>\n\t<\/p>\n<\/div>\n<div class=\"wpcf7-response-output\" aria-hidden=\"true\"><\/div>\n<\/form>\n<\/div>\n\t\t\t\t<\/div>\n\t\t\t\t<\/div>\n\t\t\t\t\t<\/div>\n\t\t<\/div>\n\t\t\t\t\t<\/div>\n\t\t<\/section>\n\t\t\t\t<section class=\"elementor-section elementor-top-section elementor-element elementor-element-a2d9eeb elementor-section-boxed elementor-section-height-default elementor-section-height-default sc_fly_static\" data-id=\"a2d9eeb\" data-element_type=\"section\" data-e-type=\"section\">\n\t\t\t\t\t\t<div class=\"elementor-container elementor-column-gap-extended\">\n\t\t\t\t\t<div class=\"elementor-column elementor-col-100 elementor-top-column elementor-element elementor-element-9bfdd29 sc_content_align_inherit sc_layouts_column_icons_position_left sc_fly_static\" data-id=\"9bfdd29\" data-element_type=\"column\" data-e-type=\"column\">\n\t\t\t<div class=\"elementor-widget-wrap elementor-element-populated\">\n\t\t\t\t\t\t<div class=\"elementor-element elementor-element-e171dde sc_height_huge sc_fly_static elementor-widget elementor-widget-spacer\" data-id=\"e171dde\" data-element_type=\"widget\" data-e-type=\"widget\" data-widget_type=\"spacer.default\">\n\t\t\t\t<div class=\"elementor-widget-container\">\n\t\t\t\t\t\t\t<div class=\"elementor-spacer\">\n\t\t\t<div class=\"elementor-spacer-inner\"><\/div>\n\t\t<\/div>\n\t\t\t\t\t\t<\/div>\n\t\t\t\t<\/div>\n\t\t\t\t\t<\/div>\n\t\t<\/div>\n\t\t\t\t\t<\/div>\n\t\t<\/section>\n\t\t\t\t<\/div>\n\t\t","protected":false},"excerpt":{"rendered":"<p>Contactez-nous Vous avez des questions&nbsp;? Notre \u00e9quipe se tient \u00e0 votre enti\u00e8re disposition pour vous fournir des informations compl\u00e9mentaires et des conseils personnalis\u00e9s. Suisse &#8211; Zugerstrasse 77, 6340 Baar +41&hellip;<\/p>\n","protected":false},"author":1,"featured_media":0,"parent":0,"menu_order":0,"comment_status":"closed","ping_status":"closed","template":"","meta":{"footnotes":""},"class_list":["post-59831","page","type-page","status-publish","hentry"],"yoast_head":"<!-- This site is optimized with the Yoast SEO plugin v27.4 - https:\/\/yoast.com\/product\/yoast-seo-wordpress\/ -->\n<title>Contact | Matterhorn HealthProtect Suisse<\/title>\n<meta name=\"description\" content=\"Contactez Matterhorn HealthProtect \u2013 Qualit\u00e9 suisse, service personnalis\u00e9 et solutions de protection fiables. Nous nous r\u00e9jouissons de votre demande.\" \/>\n<meta name=\"robots\" content=\"index, follow, max-snippet:-1, max-image-preview:large, max-video-preview:-1\" \/>\n<link rel=\"canonical\" href=\"https:\/\/www.matterhornhealthprotect.com\/fr\/contact\/\" \/>\n<meta property=\"og:locale\" content=\"fr_FR\" \/>\n<meta property=\"og:type\" content=\"article\" \/>\n<meta property=\"og:title\" content=\"Contact | Matterhorn HealthProtect Suisse\" \/>\n<meta property=\"og:description\" content=\"Contactez Matterhorn HealthProtect \u2013 Qualit\u00e9 suisse, service personnalis\u00e9 et solutions de protection fiables. Nous nous r\u00e9jouissons de votre demande.\" \/>\n<meta property=\"og:url\" content=\"https:\/\/www.matterhornhealthprotect.com\/fr\/contact\/\" \/>\n<meta property=\"og:site_name\" content=\"Matterhorn Healthprotect\" \/>\n<meta property=\"article:modified_time\" content=\"2025-11-06T17:04:41+00:00\" \/>\n<meta name=\"twitter:card\" content=\"summary_large_image\" \/>\n<script type=\"application\/ld+json\" class=\"yoast-schema-graph\">{\"@context\":\"https:\\\/\\\/schema.org\",\"@graph\":[{\"@type\":\"WebPage\",\"@id\":\"https:\\\/\\\/www.matterhornhealthprotect.com\\\/fr\\\/contact\\\/\",\"url\":\"https:\\\/\\\/www.matterhornhealthprotect.com\\\/fr\\\/contact\\\/\",\"name\":\"Contact | Matterhorn HealthProtect Suisse\",\"isPartOf\":{\"@id\":\"https:\\\/\\\/www.matterhornhealthprotect.com\\\/fr\\\/#website\"},\"datePublished\":\"2024-06-30T11:12:41+00:00\",\"dateModified\":\"2025-11-06T17:04:41+00:00\",\"description\":\"Contactez Matterhorn HealthProtect \u2013 Qualit\u00e9 suisse, service personnalis\u00e9 et solutions de protection fiables. Nous nous r\u00e9jouissons de votre demande.\",\"breadcrumb\":{\"@id\":\"https:\\\/\\\/www.matterhornhealthprotect.com\\\/fr\\\/contact\\\/#breadcrumb\"},\"inLanguage\":\"fr-FR\",\"potentialAction\":[{\"@type\":\"ReadAction\",\"target\":[\"https:\\\/\\\/www.matterhornhealthprotect.com\\\/fr\\\/contact\\\/\"]}]},{\"@type\":\"BreadcrumbList\",\"@id\":\"https:\\\/\\\/www.matterhornhealthprotect.com\\\/fr\\\/contact\\\/#breadcrumb\",\"itemListElement\":[{\"@type\":\"ListItem\",\"position\":1,\"name\":\"Startseite\",\"item\":\"https:\\\/\\\/www.matterhornhealthprotect.com\\\/fr\\\/accueil\\\/\"},{\"@type\":\"ListItem\",\"position\":2,\"name\":\"Contact\"}]},{\"@type\":\"WebSite\",\"@id\":\"https:\\\/\\\/www.matterhornhealthprotect.com\\\/fr\\\/#website\",\"url\":\"https:\\\/\\\/www.matterhornhealthprotect.com\\\/fr\\\/\",\"name\":\"Matterhorn Healthprotect\",\"description\":\"Des solutions durables pour un avenir sain\",\"publisher\":{\"@id\":\"https:\\\/\\\/www.matterhornhealthprotect.com\\\/fr\\\/#organization\"},\"potentialAction\":[{\"@type\":\"SearchAction\",\"target\":{\"@type\":\"EntryPoint\",\"urlTemplate\":\"https:\\\/\\\/www.matterhornhealthprotect.com\\\/fr\\\/?s={search_term_string}\"},\"query-input\":{\"@type\":\"PropertyValueSpecification\",\"valueRequired\":true,\"valueName\":\"search_term_string\"}}],\"inLanguage\":\"fr-FR\"},{\"@type\":\"Organization\",\"@id\":\"https:\\\/\\\/www.matterhornhealthprotect.com\\\/fr\\\/#organization\",\"name\":\"Matterhorn Healthprotect\",\"url\":\"https:\\\/\\\/www.matterhornhealthprotect.com\\\/fr\\\/\",\"logo\":{\"@type\":\"ImageObject\",\"inLanguage\":\"fr-FR\",\"@id\":\"https:\\\/\\\/www.matterhornhealthprotect.com\\\/fr\\\/#\\\/schema\\\/logo\\\/image\\\/\",\"url\":\"https:\\\/\\\/www.matterhornhealthprotect.com\\\/wp-content\\\/uploads\\\/2025\\\/10\\\/matterhorn_logo.png\",\"contentUrl\":\"https:\\\/\\\/www.matterhornhealthprotect.com\\\/wp-content\\\/uploads\\\/2025\\\/10\\\/matterhorn_logo.png\",\"width\":243,\"height\":64,\"caption\":\"Matterhorn Healthprotect\"},\"image\":{\"@id\":\"https:\\\/\\\/www.matterhornhealthprotect.com\\\/fr\\\/#\\\/schema\\\/logo\\\/image\\\/\"}}]}<\/script>\n<!-- \/ Yoast SEO plugin. -->","yoast_head_json":{"title":"Contact | Matterhorn HealthProtect Suisse","description":"Contactez Matterhorn HealthProtect \u2013 Qualit\u00e9 suisse, service personnalis\u00e9 et solutions de protection fiables. Nous nous r\u00e9jouissons de votre demande.","robots":{"index":"index","follow":"follow","max-snippet":"max-snippet:-1","max-image-preview":"max-image-preview:large","max-video-preview":"max-video-preview:-1"},"canonical":"https:\/\/www.matterhornhealthprotect.com\/fr\/contact\/","og_locale":"fr_FR","og_type":"article","og_title":"Contact | Matterhorn HealthProtect Suisse","og_description":"Contactez Matterhorn HealthProtect \u2013 Qualit\u00e9 suisse, service personnalis\u00e9 et solutions de protection fiables. Nous nous r\u00e9jouissons de votre demande.","og_url":"https:\/\/www.matterhornhealthprotect.com\/fr\/contact\/","og_site_name":"Matterhorn Healthprotect","article_modified_time":"2025-11-06T17:04:41+00:00","twitter_card":"summary_large_image","schema":{"@context":"https:\/\/schema.org","@graph":[{"@type":"WebPage","@id":"https:\/\/www.matterhornhealthprotect.com\/fr\/contact\/","url":"https:\/\/www.matterhornhealthprotect.com\/fr\/contact\/","name":"Contact | Matterhorn HealthProtect Suisse","isPartOf":{"@id":"https:\/\/www.matterhornhealthprotect.com\/fr\/#website"},"datePublished":"2024-06-30T11:12:41+00:00","dateModified":"2025-11-06T17:04:41+00:00","description":"Contactez Matterhorn HealthProtect \u2013 Qualit\u00e9 suisse, service personnalis\u00e9 et solutions de protection fiables. Nous nous r\u00e9jouissons de votre demande.","breadcrumb":{"@id":"https:\/\/www.matterhornhealthprotect.com\/fr\/contact\/#breadcrumb"},"inLanguage":"fr-FR","potentialAction":[{"@type":"ReadAction","target":["https:\/\/www.matterhornhealthprotect.com\/fr\/contact\/"]}]},{"@type":"BreadcrumbList","@id":"https:\/\/www.matterhornhealthprotect.com\/fr\/contact\/#breadcrumb","itemListElement":[{"@type":"ListItem","position":1,"name":"Startseite","item":"https:\/\/www.matterhornhealthprotect.com\/fr\/accueil\/"},{"@type":"ListItem","position":2,"name":"Contact"}]},{"@type":"WebSite","@id":"https:\/\/www.matterhornhealthprotect.com\/fr\/#website","url":"https:\/\/www.matterhornhealthprotect.com\/fr\/","name":"Matterhorn Healthprotect","description":"Des solutions durables pour un avenir sain","publisher":{"@id":"https:\/\/www.matterhornhealthprotect.com\/fr\/#organization"},"potentialAction":[{"@type":"SearchAction","target":{"@type":"EntryPoint","urlTemplate":"https:\/\/www.matterhornhealthprotect.com\/fr\/?s={search_term_string}"},"query-input":{"@type":"PropertyValueSpecification","valueRequired":true,"valueName":"search_term_string"}}],"inLanguage":"fr-FR"},{"@type":"Organization","@id":"https:\/\/www.matterhornhealthprotect.com\/fr\/#organization","name":"Matterhorn Healthprotect","url":"https:\/\/www.matterhornhealthprotect.com\/fr\/","logo":{"@type":"ImageObject","inLanguage":"fr-FR","@id":"https:\/\/www.matterhornhealthprotect.com\/fr\/#\/schema\/logo\/image\/","url":"https:\/\/www.matterhornhealthprotect.com\/wp-content\/uploads\/2025\/10\/matterhorn_logo.png","contentUrl":"https:\/\/www.matterhornhealthprotect.com\/wp-content\/uploads\/2025\/10\/matterhorn_logo.png","width":243,"height":64,"caption":"Matterhorn Healthprotect"},"image":{"@id":"https:\/\/www.matterhornhealthprotect.com\/fr\/#\/schema\/logo\/image\/"}}]}},"_links":{"self":[{"href":"https:\/\/www.matterhornhealthprotect.com\/fr\/wp-json\/wp\/v2\/pages\/59831","targetHints":{"allow":["GET"]}}],"collection":[{"href":"https:\/\/www.matterhornhealthprotect.com\/fr\/wp-json\/wp\/v2\/pages"}],"about":[{"href":"https:\/\/www.matterhornhealthprotect.com\/fr\/wp-json\/wp\/v2\/types\/page"}],"author":[{"embeddable":true,"href":"https:\/\/www.matterhornhealthprotect.com\/fr\/wp-json\/wp\/v2\/users\/1"}],"replies":[{"embeddable":true,"href":"https:\/\/www.matterhornhealthprotect.com\/fr\/wp-json\/wp\/v2\/comments?post=59831"}],"version-history":[{"count":1,"href":"https:\/\/www.matterhornhealthprotect.com\/fr\/wp-json\/wp\/v2\/pages\/59831\/revisions"}],"predecessor-version":[{"id":59832,"href":"https:\/\/www.matterhornhealthprotect.com\/fr\/wp-json\/wp\/v2\/pages\/59831\/revisions\/59832"}],"wp:attachment":[{"href":"https:\/\/www.matterhornhealthprotect.com\/fr\/wp-json\/wp\/v2\/media?parent=59831"}],"curies":[{"name":"wp","href":"https:\/\/api.w.org\/{rel}","templated":true}]}}