{"id":59829,"date":"2024-06-27T08:23:10","date_gmt":"2024-06-27T08:23:10","guid":{"rendered":"https:\/\/www.matterhornhealthprotect.com\/mentions-legales\/"},"modified":"2025-11-06T17:04:04","modified_gmt":"2025-11-06T17:04:04","slug":"mentions-legales","status":"publish","type":"page","link":"https:\/\/www.matterhornhealthprotect.com\/fr\/mentions-legales\/","title":{"rendered":"Mentions l\u00e9gales"},"content":{"rendered":"\t\t<div data-elementor-type=\"wp-page\" data-elementor-id=\"59829\" class=\"elementor elementor-59829 elementor-12954\">\n\t\t\t\t\t\t<section class=\"elementor-section elementor-top-section elementor-element elementor-element-51c6567e elementor-section-boxed elementor-section-height-default elementor-section-height-default sc_fly_static\" data-id=\"51c6567e\" data-element_type=\"section\" data-e-type=\"section\" data-settings=\"{&quot;background_background&quot;:&quot;classic&quot;}\">\n\t\t\t\t\t\t<div class=\"elementor-container elementor-column-gap-extended\">\n\t\t\t\t\t<div class=\"elementor-column elementor-col-100 elementor-top-column elementor-element elementor-element-37cd5a2 sc_content_align_inherit sc_layouts_column_icons_position_left sc_fly_static\" data-id=\"37cd5a2\" data-element_type=\"column\" data-e-type=\"column\">\n\t\t\t<div class=\"elementor-widget-wrap elementor-element-populated\">\n\t\t\t\t\t\t<div class=\"elementor-element elementor-element-9bc1893 scheme_matterhorn sc_fly_static elementor-widget elementor-widget-text-editor\" data-id=\"9bc1893\" data-element_type=\"widget\" data-e-type=\"widget\" data-widget_type=\"text-editor.default\">\n\t\t\t\t<div class=\"elementor-widget-container\">\n\t\t\t\t\t\t\t\t\t<div id=\"block-sneo-page-title\" class=\"block block-core block-page-title-block\">\n<div class=\"content\">\n<h3 class=\"title\"><span class=\"field field--name-title field--type-string field--label-hidden\">Mentions l\u00e9gales<\/span><\/h3>\n<\/div>\n<\/div>\n<article class=\"node node--type-page node--view-mode-full clearfix\" role=\"article\"><header><\/header>\n<div class=\"node__content clearfix\">\n<div class=\"field field--name-field-main-content field--type-entity-reference-revisions field--label-hidden field__items\">\n<div class=\"field__item\">\n<div class=\"paragraph paragraph--view-mode--default paragraph--type--colonnes\">\n<div class=\"field-paragraph-col\">\n<div class=\"field-paragraph-col__inside\">\n<div class=\"paragraph paragraph--type--texte paragraph--view-mode--default\">\n<div class=\"text-formatted field field--name-field-texte field--type-text-long field--label-hidden field__item\">\n<p class=\"squareh2\">Matterhorn HealthProtect AG\nZugerstrasse 77\n6340 Baar\nSuisse<\/p>\nRepr\u00e9sent\u00e9e par le conseil d&rsquo;administration :\nMario Oldani\n<h4 class=\"squareh2\">Contact<\/h4>\nT\u00e9l\u00e9phone : +41 41 766 61 20\nE-mail :  <a href=\"mailto:info@matterhornhealthprotect.com\">info@matterhornhealthprotect.com<\/a>\n\nRegistre du commerce : Registre du commerce du canton de Zoug\nUID (Num\u00e9ro d&rsquo;identification de l&rsquo;entreprise) : CHE-113.896.967\n\nCes mentions l\u00e9gales s&rsquo;appliquent au domaine<br> <a href=\"https:\/\/www.matterhornhealthprotect.com\/fr\/\">https:\/\/www.matterhornhealthprotect.com\n\n<\/div>\n<h4>Conception, r\u00e9alisation et maintenance du site web<\/h4>\n<div class=\"text-formatted field field--name-field-texte field--type-text-long field--label-hidden field__item\">\n\nVagabunt Kreativagentur\nElisenstra\u00dfe 13,\n22087 Hamburg\n\n<strong>E:<\/strong> <a href=\"mailto:info@vagabunt-agentur.de\">info@vagabunt-agentur.de<\/a>\n<strong>W:<\/strong> <a href=\"https:\/\/vagabunt-agentur.de\/\">www.vagabunt-agentur.de<\/a>\n\n<\/div>\n<div class=\"text-formatted field field--name-field-texte field--type-text-long field--label-hidden field__item\">\n<h4 class=\"squareh2\">Avis de droit d&rsquo;auteur<\/h4>\nTous les contenus de ce site web (en particulier les images, graphiques et textes) sont prot\u00e9g\u00e9s par le droit d&rsquo;auteur. Toute reproduction, modification, diffusion ou exploitation en dehors des limites l\u00e9gales n\u00e9cessite l&rsquo;accord \u00e9crit pr\u00e9alable des d\u00e9tenteurs des droits. \n\n<\/div>\n<\/div>\n<\/div>\n<\/div>\n<\/div>\n<\/div>\n<\/div>\n<\/div>\n<\/article>\t\t\t\t\t\t\t\t<\/div>\n\t\t\t\t<\/div>\n\t\t\t\t\t<\/div>\n\t\t<\/div>\n\t\t\t\t\t<\/div>\n\t\t<\/section>\n\t\t\t\t<section class=\"elementor-section elementor-top-section elementor-element elementor-element-64f674f3 elementor-section-boxed elementor-section-height-default elementor-section-height-default sc_fly_static\" data-id=\"64f674f3\" data-element_type=\"section\" data-e-type=\"section\">\n\t\t\t\t\t\t<div class=\"elementor-container elementor-column-gap-extended\">\n\t\t\t\t\t<div class=\"elementor-column elementor-col-100 elementor-top-column elementor-element elementor-element-2751887c sc_content_align_inherit sc_layouts_column_icons_position_left sc_fly_static\" data-id=\"2751887c\" data-element_type=\"column\" data-e-type=\"column\">\n\t\t\t<div class=\"elementor-widget-wrap elementor-element-populated\">\n\t\t\t\t\t\t<div class=\"elementor-element elementor-element-111e4fe9 sc_fly_static elementor-widget elementor-widget-spacer\" data-id=\"111e4fe9\" data-element_type=\"widget\" data-e-type=\"widget\" data-widget_type=\"spacer.default\">\n\t\t\t\t<div class=\"elementor-widget-container\">\n\t\t\t\t\t\t\t<div class=\"elementor-spacer\">\n\t\t\t<div class=\"elementor-spacer-inner\"><\/div>\n\t\t<\/div>\n\t\t\t\t\t\t<\/div>\n\t\t\t\t<\/div>\n\t\t\t\t\t<\/div>\n\t\t<\/div>\n\t\t\t\t\t<\/div>\n\t\t<\/section>\n\t\t\t\t<\/div>\n\t\t","protected":false},"excerpt":{"rendered":"<p>Mentions l\u00e9gales Matterhorn HealthProtect AG Zugerstrasse 77 6340 Baar Suisse Repr\u00e9sent\u00e9e par le conseil d&rsquo;administration : Mario Oldani Contact T\u00e9l\u00e9phone : +41 41 766 61 20 E-mail : info@matterhornhealthprotect.com Registre&hellip;<\/p>\n","protected":false},"author":1,"featured_media":0,"parent":0,"menu_order":0,"comment_status":"closed","ping_status":"closed","template":"","meta":{"footnotes":""},"class_list":["post-59829","page","type-page","status-publish","hentry"],"yoast_head":"<!-- This site is optimized with the Yoast SEO plugin v27.4 - https:\/\/yoast.com\/product\/yoast-seo-wordpress\/ -->\n<title>Mentions l\u00e9gales | Matterhorn HealthProtect AG<\/title>\n<meta name=\"description\" content=\"Mentions l\u00e9gales de Matterhorn HealthProtect AG \u2013 Informations conform\u00e9ment au droit suisse, coordonn\u00e9es et mentions l\u00e9gales.\" \/>\n<meta name=\"robots\" content=\"index, follow, max-snippet:-1, max-image-preview:large, max-video-preview:-1\" \/>\n<link rel=\"canonical\" href=\"https:\/\/www.matterhornhealthprotect.com\/fr\/mentions-legales\/\" \/>\n<meta property=\"og:locale\" content=\"fr_FR\" \/>\n<meta property=\"og:type\" content=\"article\" \/>\n<meta property=\"og:title\" content=\"Mentions l\u00e9gales | Matterhorn HealthProtect AG\" \/>\n<meta property=\"og:description\" content=\"Mentions l\u00e9gales de Matterhorn HealthProtect AG \u2013 Informations conform\u00e9ment au droit suisse, coordonn\u00e9es et mentions l\u00e9gales.\" \/>\n<meta property=\"og:url\" content=\"https:\/\/www.matterhornhealthprotect.com\/fr\/mentions-legales\/\" \/>\n<meta property=\"og:site_name\" content=\"Matterhorn Healthprotect\" \/>\n<meta property=\"article:modified_time\" content=\"2025-11-06T17:04:04+00:00\" \/>\n<meta name=\"twitter:card\" content=\"summary_large_image\" \/>\n<meta name=\"twitter:label1\" content=\"Dur\u00e9e de lecture estim\u00e9e\" \/>\n\t<meta name=\"twitter:data1\" content=\"1 minute\" \/>\n<script type=\"application\/ld+json\" class=\"yoast-schema-graph\">{\"@context\":\"https:\\\/\\\/schema.org\",\"@graph\":[{\"@type\":\"WebPage\",\"@id\":\"https:\\\/\\\/www.matterhornhealthprotect.com\\\/fr\\\/mentions-legales\\\/\",\"url\":\"https:\\\/\\\/www.matterhornhealthprotect.com\\\/fr\\\/mentions-legales\\\/\",\"name\":\"Mentions l\u00e9gales | Matterhorn HealthProtect AG\",\"isPartOf\":{\"@id\":\"https:\\\/\\\/www.matterhornhealthprotect.com\\\/fr\\\/#website\"},\"datePublished\":\"2024-06-27T08:23:10+00:00\",\"dateModified\":\"2025-11-06T17:04:04+00:00\",\"description\":\"Mentions l\u00e9gales de Matterhorn HealthProtect AG \u2013 Informations conform\u00e9ment au droit suisse, coordonn\u00e9es et mentions l\u00e9gales.\",\"breadcrumb\":{\"@id\":\"https:\\\/\\\/www.matterhornhealthprotect.com\\\/fr\\\/mentions-legales\\\/#breadcrumb\"},\"inLanguage\":\"fr-FR\",\"potentialAction\":[{\"@type\":\"ReadAction\",\"target\":[\"https:\\\/\\\/www.matterhornhealthprotect.com\\\/fr\\\/mentions-legales\\\/\"]}]},{\"@type\":\"BreadcrumbList\",\"@id\":\"https:\\\/\\\/www.matterhornhealthprotect.com\\\/fr\\\/mentions-legales\\\/#breadcrumb\",\"itemListElement\":[{\"@type\":\"ListItem\",\"position\":1,\"name\":\"Startseite\",\"item\":\"https:\\\/\\\/www.matterhornhealthprotect.com\\\/fr\\\/accueil\\\/\"},{\"@type\":\"ListItem\",\"position\":2,\"name\":\"Mentions l\u00e9gales\"}]},{\"@type\":\"WebSite\",\"@id\":\"https:\\\/\\\/www.matterhornhealthprotect.com\\\/fr\\\/#website\",\"url\":\"https:\\\/\\\/www.matterhornhealthprotect.com\\\/fr\\\/\",\"name\":\"Matterhorn Healthprotect\",\"description\":\"Des solutions durables pour un avenir sain\",\"publisher\":{\"@id\":\"https:\\\/\\\/www.matterhornhealthprotect.com\\\/fr\\\/#organization\"},\"potentialAction\":[{\"@type\":\"SearchAction\",\"target\":{\"@type\":\"EntryPoint\",\"urlTemplate\":\"https:\\\/\\\/www.matterhornhealthprotect.com\\\/fr\\\/?s={search_term_string}\"},\"query-input\":{\"@type\":\"PropertyValueSpecification\",\"valueRequired\":true,\"valueName\":\"search_term_string\"}}],\"inLanguage\":\"fr-FR\"},{\"@type\":\"Organization\",\"@id\":\"https:\\\/\\\/www.matterhornhealthprotect.com\\\/fr\\\/#organization\",\"name\":\"Matterhorn Healthprotect\",\"url\":\"https:\\\/\\\/www.matterhornhealthprotect.com\\\/fr\\\/\",\"logo\":{\"@type\":\"ImageObject\",\"inLanguage\":\"fr-FR\",\"@id\":\"https:\\\/\\\/www.matterhornhealthprotect.com\\\/fr\\\/#\\\/schema\\\/logo\\\/image\\\/\",\"url\":\"https:\\\/\\\/www.matterhornhealthprotect.com\\\/wp-content\\\/uploads\\\/2025\\\/10\\\/matterhorn_logo.png\",\"contentUrl\":\"https:\\\/\\\/www.matterhornhealthprotect.com\\\/wp-content\\\/uploads\\\/2025\\\/10\\\/matterhorn_logo.png\",\"width\":243,\"height\":64,\"caption\":\"Matterhorn Healthprotect\"},\"image\":{\"@id\":\"https:\\\/\\\/www.matterhornhealthprotect.com\\\/fr\\\/#\\\/schema\\\/logo\\\/image\\\/\"}}]}<\/script>\n<!-- \/ Yoast SEO plugin. -->","yoast_head_json":{"title":"Mentions l\u00e9gales | Matterhorn HealthProtect AG","description":"Mentions l\u00e9gales de Matterhorn HealthProtect AG \u2013 Informations conform\u00e9ment au droit suisse, coordonn\u00e9es et mentions l\u00e9gales.","robots":{"index":"index","follow":"follow","max-snippet":"max-snippet:-1","max-image-preview":"max-image-preview:large","max-video-preview":"max-video-preview:-1"},"canonical":"https:\/\/www.matterhornhealthprotect.com\/fr\/mentions-legales\/","og_locale":"fr_FR","og_type":"article","og_title":"Mentions l\u00e9gales | Matterhorn HealthProtect AG","og_description":"Mentions l\u00e9gales de Matterhorn HealthProtect AG \u2013 Informations conform\u00e9ment au droit suisse, coordonn\u00e9es et mentions l\u00e9gales.","og_url":"https:\/\/www.matterhornhealthprotect.com\/fr\/mentions-legales\/","og_site_name":"Matterhorn Healthprotect","article_modified_time":"2025-11-06T17:04:04+00:00","twitter_card":"summary_large_image","twitter_misc":{"Dur\u00e9e de lecture estim\u00e9e":"1 minute"},"schema":{"@context":"https:\/\/schema.org","@graph":[{"@type":"WebPage","@id":"https:\/\/www.matterhornhealthprotect.com\/fr\/mentions-legales\/","url":"https:\/\/www.matterhornhealthprotect.com\/fr\/mentions-legales\/","name":"Mentions l\u00e9gales | Matterhorn HealthProtect AG","isPartOf":{"@id":"https:\/\/www.matterhornhealthprotect.com\/fr\/#website"},"datePublished":"2024-06-27T08:23:10+00:00","dateModified":"2025-11-06T17:04:04+00:00","description":"Mentions l\u00e9gales de Matterhorn HealthProtect AG \u2013 Informations conform\u00e9ment au droit suisse, coordonn\u00e9es et mentions l\u00e9gales.","breadcrumb":{"@id":"https:\/\/www.matterhornhealthprotect.com\/fr\/mentions-legales\/#breadcrumb"},"inLanguage":"fr-FR","potentialAction":[{"@type":"ReadAction","target":["https:\/\/www.matterhornhealthprotect.com\/fr\/mentions-legales\/"]}]},{"@type":"BreadcrumbList","@id":"https:\/\/www.matterhornhealthprotect.com\/fr\/mentions-legales\/#breadcrumb","itemListElement":[{"@type":"ListItem","position":1,"name":"Startseite","item":"https:\/\/www.matterhornhealthprotect.com\/fr\/accueil\/"},{"@type":"ListItem","position":2,"name":"Mentions l\u00e9gales"}]},{"@type":"WebSite","@id":"https:\/\/www.matterhornhealthprotect.com\/fr\/#website","url":"https:\/\/www.matterhornhealthprotect.com\/fr\/","name":"Matterhorn Healthprotect","description":"Des solutions durables pour un avenir sain","publisher":{"@id":"https:\/\/www.matterhornhealthprotect.com\/fr\/#organization"},"potentialAction":[{"@type":"SearchAction","target":{"@type":"EntryPoint","urlTemplate":"https:\/\/www.matterhornhealthprotect.com\/fr\/?s={search_term_string}"},"query-input":{"@type":"PropertyValueSpecification","valueRequired":true,"valueName":"search_term_string"}}],"inLanguage":"fr-FR"},{"@type":"Organization","@id":"https:\/\/www.matterhornhealthprotect.com\/fr\/#organization","name":"Matterhorn Healthprotect","url":"https:\/\/www.matterhornhealthprotect.com\/fr\/","logo":{"@type":"ImageObject","inLanguage":"fr-FR","@id":"https:\/\/www.matterhornhealthprotect.com\/fr\/#\/schema\/logo\/image\/","url":"https:\/\/www.matterhornhealthprotect.com\/wp-content\/uploads\/2025\/10\/matterhorn_logo.png","contentUrl":"https:\/\/www.matterhornhealthprotect.com\/wp-content\/uploads\/2025\/10\/matterhorn_logo.png","width":243,"height":64,"caption":"Matterhorn Healthprotect"},"image":{"@id":"https:\/\/www.matterhornhealthprotect.com\/fr\/#\/schema\/logo\/image\/"}}]}},"_links":{"self":[{"href":"https:\/\/www.matterhornhealthprotect.com\/fr\/wp-json\/wp\/v2\/pages\/59829","targetHints":{"allow":["GET"]}}],"collection":[{"href":"https:\/\/www.matterhornhealthprotect.com\/fr\/wp-json\/wp\/v2\/pages"}],"about":[{"href":"https:\/\/www.matterhornhealthprotect.com\/fr\/wp-json\/wp\/v2\/types\/page"}],"author":[{"embeddable":true,"href":"https:\/\/www.matterhornhealthprotect.com\/fr\/wp-json\/wp\/v2\/users\/1"}],"replies":[{"embeddable":true,"href":"https:\/\/www.matterhornhealthprotect.com\/fr\/wp-json\/wp\/v2\/comments?post=59829"}],"version-history":[{"count":1,"href":"https:\/\/www.matterhornhealthprotect.com\/fr\/wp-json\/wp\/v2\/pages\/59829\/revisions"}],"predecessor-version":[{"id":59830,"href":"https:\/\/www.matterhornhealthprotect.com\/fr\/wp-json\/wp\/v2\/pages\/59829\/revisions\/59830"}],"wp:attachment":[{"href":"https:\/\/www.matterhornhealthprotect.com\/fr\/wp-json\/wp\/v2\/media?parent=59829"}],"curies":[{"name":"wp","href":"https:\/\/api.w.org\/{rel}","templated":true}]}}